{"id":10,"date":"2016-01-28T19:48:19","date_gmt":"2016-01-28T18:48:19","guid":{"rendered":"https:\/\/www.svanconsulting.com\/wordpress\/?page_id=10"},"modified":"2016-01-30T20:54:27","modified_gmt":"2016-01-30T19:54:27","slug":"tv-o-nama","status":"publish","type":"page","link":"https:\/\/www.svanconsulting.com\/en\/o-nama\/tv-o-nama\/","title":{"rendered":"TV about us"},"content":{"rendered":"<p><strong><span style=\"font-size: 10pt;\">Ratka Jurkovic about Vidzeme University of Applied Sciences<br \/>Guest lecturer Ratka Jurkovic from Croatia about Vidzeme University of Applied Sciences and Valmiera city.<\/span><\/strong><br \/>\n<iframe loading=\"lazy\" width=\"640\" height=\"360\" src=\"https:\/\/www.youtube.com\/embed\/IRLxaZN_F-U?rel=0\" frameborder=\"0\" allowfullscreen><\/iframe><\/p>\n<p><strong><span style=\"font-size: 10pt;\">Al Jazeera Business &#8211; 17.10.2015.<\/span><\/strong><br \/>\n<iframe loading=\"lazy\" src=\"https:\/\/www.youtube.com\/embed\/kx03ydEX_w0?rel=0\" width=\"640\" height=\"360\" frameborder=\"0\" allowfullscreen=\"allowfullscreen\"><\/iframe><\/p>\n<p><span style=\"font-size: 10pt; font-family: Arial;\"><strong>Projekt Women Entrepreneurship:<br \/>\nA Job Creation Engine for Southeast Europe \/ SEECEL Women Entrepreneurship: From Project to Process<\/strong><\/span><br \/>\n<iframe loading=\"lazy\" src=\"https:\/\/www.youtube.com\/embed\/YiLe57On9sM?rel=0\" width=\"640\" height=\"360\" frameborder=\"0\" allowfullscreen=\"allowfullscreen\"><\/iframe><\/p>\n<p><strong><span style=\"font-size: 10pt; font-family: Arial;\">TV intervju Ratke Jurkovi\u0107 za \u0161vedsku internetsku televiziju prilikom studijskog posjeta \u0161vedskoj Skelleftei od 21-26.3.2010. Studijski posjet pod nazivom \u00abCultivating Innovative Minds and Brave Hearts \u2013 Fostering Tomorrow\u2019s Entrepreneurs\u00bb financiran je od strane Europske Unije, a dio je Programa za cjelo\u017eivotno u\u010denje \u2013 aktivnost Transverzalni program, koji u Hrvatskoj administrira Agencija za mobilnost i programe EU <a href=\"http:\/\/www.mobilnost.hr\" target=\"_blank\">www.mobilnost.hr<\/a>. Producent Lasse Forsslund, objavljeno uz dozvolu producenta.<\/span><\/strong><br \/>\n<iframe loading=\"lazy\" src=\"https:\/\/www.youtube.com\/embed\/KLUG5HlN62I?rel=0\" width=\"640\" height=\"360\" frameborder=\"0\" allowfullscreen=\"allowfullscreen\"><\/iframe><\/p>","protected":false},"excerpt":{"rendered":"<p>Ratka Jurkovic about Vidzeme University of Applied SciencesGuest lecturer Ratka Jurkovic from Croatia about Vidzeme University of Applied Sciences and Valmiera city. Al Jazeera Business &#8211; 17.10.2015. Projekt Women Entrepreneurship: A Job Creation Engine for Southeast Europe \/ SEECEL Women Entrepreneurship: From Project to Process TV intervju Ratke Jurkovi\u0107 za \u0161vedsku internetsku televiziju prilikom studijskog&#8230;<\/p>\n","protected":false},"author":1,"featured_media":0,"parent":8,"menu_order":0,"comment_status":"closed","ping_status":"closed","template":"","meta":{"footnotes":""},"_links":{"self":[{"href":"https:\/\/www.svanconsulting.com\/en\/wp-json\/wp\/v2\/pages\/10"}],"collection":[{"href":"https:\/\/www.svanconsulting.com\/en\/wp-json\/wp\/v2\/pages"}],"about":[{"href":"https:\/\/www.svanconsulting.com\/en\/wp-json\/wp\/v2\/types\/page"}],"author":[{"embeddable":true,"href":"https:\/\/www.svanconsulting.com\/en\/wp-json\/wp\/v2\/users\/1"}],"replies":[{"embeddable":true,"href":"https:\/\/www.svanconsulting.com\/en\/wp-json\/wp\/v2\/comments?post=10"}],"version-history":[{"count":0,"href":"https:\/\/www.svanconsulting.com\/en\/wp-json\/wp\/v2\/pages\/10\/revisions"}],"up":[{"embeddable":true,"href":"https:\/\/www.svanconsulting.com\/en\/wp-json\/wp\/v2\/pages\/8"}],"wp:attachment":[{"href":"https:\/\/www.svanconsulting.com\/en\/wp-json\/wp\/v2\/media?parent=10"}],"curies":[{"name":"wp","href":"https:\/\/api.w.org\/{rel}","templated":true}]}}